{"id":91,"date":"2025-01-29T00:34:21","date_gmt":"2025-01-29T00:34:21","guid":{"rendered":"https:\/\/elektro-taxi.com\/?page_id=91"},"modified":"2025-01-29T05:57:09","modified_gmt":"2025-01-29T04:57:09","slug":"p-schein","status":"publish","type":"page","link":"http:\/\/elektro-taxi.com\/es\/p-schein\/","title":{"rendered":"Personenbef\u00f6rderungsschein \u2013 Voraussetzungen zur Erteilung und Anleitung"},"content":{"rendered":"<p>Voraussetzungen f\u00fcr die Antragstellung: <\/p>\n\n\n\n<p>mente. <strong>21 a\u00f1os m\u00e1s<\/strong> y mente. <strong>Seit 2 Jahren im Besitz eines deutschen oder europ\u00e4ischen F\u00fchrerscheins<\/strong>. Manchmal \u00fcbernimmt das Arbeitsamt\/Jobcenter die Kosten f\u00fcr den P-Schein<\/p>\n\n\n\n<p>Antrag: Zuerst in die Gemeinde\/B\u00fcrgerb\u00fcro\/KVR und ein F\u00fchrungszeugnis <strong>zur Vorlage bei einer Beh\u00f6rde<\/strong> Beantragen \u201eF\u00fchrerscheinstelle\u201c (Costen aprox. 13\u20ac, dauert aprox. 1-2 semanas, <a href=\"https:\/\/www.fuehrungszeugnis.bund.de\/ffw\/form\/display.do?%24context=169244DECBC6B063B193\" target=\"_blank\" rel=\"noopener\">Comercio de frijoles en l\u00ednea<\/a> posible).<\/p>\n\n\n\n<p>Dann zu <strong>Dr. Hingerle en Kirchheim<\/strong> (Google Maps encuentra la direcci\u00f3n) y una tarifa adicional para el &quot;ch\u00f3fer MIETWAGEN&quot; (coste aproximado de 120 \u20ac). Danach zur F\u00fchrerscheinstelle<\/p>\n\n\n\n<p>Nachdem das Zeugnis bei der F\u00fchrerscheinstelle angekommen ist (\u00bfAnrufen evtl.?) mit dem \u00e4rztlichen Zeugnis zur F\u00fchrerscheinstelle fahren und den <strong>Personenbef\u00f6rderungsschein f\u00fcr Mietwagen<\/strong> beantragen (coste aprox. 35\u20ac). P-Schein es 3 \u2013 5 Jahre g\u00fcltig.<\/p>\n\n\n\n<p>Die Bearbeitung dauert je nach Gemeinde \/ Landkreis zwischen zwei bis sechs Wochen. Auf Wunsch kann eine Express-Bearbeitung erfolgen, este kostet allerdings ca. 20-30\u20ac adicionales<\/p>","protected":false},"excerpt":{"rendered":"<p>Voraussetzungen f\u00fcr die Antragstellung: mind. 21 Jahre alt und mind. seit 2 Jahren im Besitz eines deutschen oder europ\u00e4ischen F\u00fchrerscheins. Manchmal \u00fcbernimmt das Arbeitsamt\/Jobcenter die Kosten f\u00fcr den P-Schein Antrag: Zuerst in die Gemeinde\/B\u00fcrgerb\u00fcro\/KVR und ein F\u00fchrungszeugnis zur Vorlage bei einer Beh\u00f6rde \u201eF\u00fchrerscheinstelle\u201c beantragen (Kosten ca. 13\u20ac, dauert ca. 1-2 Wochen, Onlinebeantragung m\u00f6glich). Dann zu Dr. Hingerle in Kirchheim (Google Maps findet die Adresse) und eine \u00e4rztliche Untersuchung f\u00fcr \u201eMIETWAGEN Chauffeur\u201c machen (Kosten ca. 120 \u20ac). Danach zur F\u00fchrerscheinstelle Nachdem das Zeugnis bei der F\u00fchrerscheinstelle angekommen ist (Anrufen evtl.?) mit dem \u00e4rztlichen Zeugnis zur F\u00fchrerscheinstelle fahren und den Personenbef\u00f6rderungsschein f\u00fcr Mietwagen beantragen (Kosten ca. 35\u20ac). P-Schein ist 3 &#8211; 5 Jahre g\u00fcltig. Die Bearbeitung dauert je nach Gemeinde \/ Landkreis zwischen zwei bis sechs Wochen. Auf Wunsch kann eine Express-Bearbeitung erfolgen, diese kostet allerdings ca. 20-30\u20ac extra<\/p>","protected":false},"author":1,"featured_media":0,"parent":0,"menu_order":0,"comment_status":"closed","ping_status":"closed","template":"","meta":{"site-sidebar-layout":"default","site-content-layout":"","ast-site-content-layout":"default","site-content-style":"default","site-sidebar-style":"default","ast-global-header-display":"","ast-banner-title-visibility":"","ast-main-header-display":"","ast-hfb-above-header-display":"","ast-hfb-below-header-display":"","ast-hfb-mobile-header-display":"","site-post-title":"","ast-breadcrumbs-content":"","ast-featured-img":"","footer-sml-layout":"","ast-disable-related-posts":"","theme-transparent-header-meta":"","adv-header-id-meta":"","stick-header-meta":"","header-above-stick-meta":"","header-main-stick-meta":"","header-below-stick-meta":"","astra-migrate-meta-layouts":"default","ast-page-background-enabled":"default","ast-page-background-meta":{"desktop":{"background-color":"var(--ast-global-color-5)","background-image":"","background-repeat":"repeat","background-position":"center center","background-size":"auto","background-attachment":"scroll","background-type":"","background-media":"","overlay-type":"","overlay-color":"","overlay-opacity":"","overlay-gradient":""},"tablet":{"background-color":"","background-image":"","background-repeat":"repeat","background-position":"center center","background-size":"auto","background-attachment":"scroll","background-type":"","background-media":"","overlay-type":"","overlay-color":"","overlay-opacity":"","overlay-gradient":""},"mobile":{"background-color":"","background-image":"","background-repeat":"repeat","background-position":"center center","background-size":"auto","background-attachment":"scroll","background-type":"","background-media":"","overlay-type":"","overlay-color":"","overlay-opacity":"","overlay-gradient":""}},"ast-content-background-meta":{"desktop":{"background-color":"var(--ast-global-color-4)","background-image":"","background-repeat":"repeat","background-position":"center center","background-size":"auto","background-attachment":"scroll","background-type":"","background-media":"","overlay-type":"","overlay-color":"","overlay-opacity":"","overlay-gradient":""},"tablet":{"background-color":"var(--ast-global-color-4)","background-image":"","background-repeat":"repeat","background-position":"center center","background-size":"auto","background-attachment":"scroll","background-type":"","background-media":"","overlay-type":"","overlay-color":"","overlay-opacity":"","overlay-gradient":""},"mobile":{"background-color":"var(--ast-global-color-4)","background-image":"","background-repeat":"repeat","background-position":"center center","background-size":"auto","background-attachment":"scroll","background-type":"","background-media":"","overlay-type":"","overlay-color":"","overlay-opacity":"","overlay-gradient":""}},"footnotes":""},"class_list":["post-91","page","type-page","status-publish","hentry"],"_links":{"self":[{"href":"http:\/\/elektro-taxi.com\/es\/wp-json\/wp\/v2\/pages\/91","targetHints":{"allow":["GET"]}}],"collection":[{"href":"http:\/\/elektro-taxi.com\/es\/wp-json\/wp\/v2\/pages"}],"about":[{"href":"http:\/\/elektro-taxi.com\/es\/wp-json\/wp\/v2\/types\/page"}],"author":[{"embeddable":true,"href":"http:\/\/elektro-taxi.com\/es\/wp-json\/wp\/v2\/users\/1"}],"replies":[{"embeddable":true,"href":"http:\/\/elektro-taxi.com\/es\/wp-json\/wp\/v2\/comments?post=91"}],"version-history":[{"count":3,"href":"http:\/\/elektro-taxi.com\/es\/wp-json\/wp\/v2\/pages\/91\/revisions"}],"predecessor-version":[{"id":127,"href":"http:\/\/elektro-taxi.com\/es\/wp-json\/wp\/v2\/pages\/91\/revisions\/127"}],"wp:attachment":[{"href":"http:\/\/elektro-taxi.com\/es\/wp-json\/wp\/v2\/media?parent=91"}],"curies":[{"name":"wp","href":"https:\/\/api.w.org\/{rel}","templated":true}]}}